{"id":787,"date":"2022-04-29T09:27:59","date_gmt":"2022-04-29T09:27:59","guid":{"rendered":"https:\/\/ninaclarissafrenzel.de\/?page_id=787"},"modified":"2026-04-12T19:34:39","modified_gmt":"2026-04-12T19:34:39","slug":"aktuelles-2","status":"publish","type":"page","link":"https:\/\/ninaclarissafrenzel.de\/","title":{"rendered":"Aktuelles"},"content":{"rendered":"\n<h3 class=\"wp-block-heading has-text-align-center\"><br><br><br><strong>Aktuelle Ausstellung <\/strong><br><br><\/h3>\n\n\n\n<p class=\"has-text-align-center has-medium-font-size\"><strong>&#8222;Nascimur&#8220;<\/strong><br><strong>ab 15.04.2026 im Kunstspeicher Friedersdorf <strong>&#8222;Nascimur&#8220;<\/strong><br><\/strong><\/p>\n\n\n<div class=\"wp-block-image\">\n<figure class=\"aligncenter size-full is-resized\"><img loading=\"lazy\" decoding=\"async\" width=\"1922\" height=\"2560\" src=\"https:\/\/ninaclarissafrenzel.de\/wp-content\/uploads\/2026\/04\/Nascimur-scaled.jpeg\" alt=\"\" class=\"wp-image-1901\" style=\"aspect-ratio:0.750785559667621;width:379px;height:auto\" srcset=\"https:\/\/ninaclarissafrenzel.de\/wp-content\/uploads\/2026\/04\/Nascimur-scaled.jpeg 1922w, https:\/\/ninaclarissafrenzel.de\/wp-content\/uploads\/2026\/04\/Nascimur-225x300.jpeg 225w, https:\/\/ninaclarissafrenzel.de\/wp-content\/uploads\/2026\/04\/Nascimur-769x1024.jpeg 769w, https:\/\/ninaclarissafrenzel.de\/wp-content\/uploads\/2026\/04\/Nascimur-768x1023.jpeg 768w, https:\/\/ninaclarissafrenzel.de\/wp-content\/uploads\/2026\/04\/Nascimur-1153x1536.jpeg 1153w, https:\/\/ninaclarissafrenzel.de\/wp-content\/uploads\/2026\/04\/Nascimur-1537x2048.jpeg 1537w, https:\/\/ninaclarissafrenzel.de\/wp-content\/uploads\/2026\/04\/Nascimur-1140x1519.jpeg 1140w\" sizes=\"auto, (max-width: 1922px) 100vw, 1922px\" \/><\/figure>\n<\/div>\n\n\n<p class=\"has-text-align-center has-medium-font-size\"><br>\u00a0Gibt es etwas, wor\u00fcber Sie sich noch wundern k\u00f6nnen?<br>Erinnern Sie sich an ein Zauberhaftes, das l\u00e4chelnd macht und Augenblitzen ?<br>An ein geheimnisvolles Zauberwort?<br><br>Nascimur. <br>Es ist ein solches Zauberwort und wird \u00fcbersetzt mit: \u201ewir werden entstanden\u201c (lat.)<br>Darum geht es in dieser Ausstellung.<br>Um das Wieder-Entdecken der Frage nach dem Warum, dem Woher und dem Wie.<br>Um das Wieder-Erwecken des Wunders, das als tiefe, einmalige Zauberformel, als Wesensgrund in jedem Menschen schlummert.<br><br>Und um das Erwachen der Freude, wenn man einmal den Zauber dieses Wesensgrundes in sich selbst erf\u00e4hrt. Und dass es nicht darum geht, selbst noch mehr dazu zu tun, sondern das dieses Wunder durch einen hindurch wirkt.<br><br>Sein Klang ist der Mensch selbst in seiner urspr\u00fcnglichen Bestimmung.<br>\u00dcber dieses Wunder erz\u00e4hlen die Bilder, Gedichte und die Musik der K\u00fcnstlerin <br>Nina Clarissa Frenzel.<br><br><\/p>\n\n\n\n<h3 class=\"wp-block-heading has-text-align-center\"><br><br>N\u00e4chstes Konzert<br><\/h3>\n\n\n\n<p class=\"has-text-align-center has-medium-font-size\"><br><strong>Konzert zu den Kunst Loose Tagen 2026<\/strong><br>am 16.05.2026, um 19:15Uhr in der Scheune Klein Neuendorfer Stra\u00dfe 5 (Karola Wirth)<\/p>\n\n\n\n<p class=\"has-text-align-center has-medium-font-size\"><br><br><\/p>\n\n\n<div class=\"wp-block-image\">\n<figure class=\"aligncenter size-large is-resized\"><img loading=\"lazy\" decoding=\"async\" width=\"724\" height=\"1024\" src=\"https:\/\/ninaclarissafrenzel.de\/wp-content\/uploads\/2026\/03\/Herzliche-Einladung-724x1024.jpg\" alt=\"\" class=\"wp-image-1885\" style=\"aspect-ratio:0.7070411287102356;width:587px;height:auto\" srcset=\"https:\/\/ninaclarissafrenzel.de\/wp-content\/uploads\/2026\/03\/Herzliche-Einladung-724x1024.jpg 724w, https:\/\/ninaclarissafrenzel.de\/wp-content\/uploads\/2026\/03\/Herzliche-Einladung-212x300.jpg 212w, https:\/\/ninaclarissafrenzel.de\/wp-content\/uploads\/2026\/03\/Herzliche-Einladung-768x1086.jpg 768w, https:\/\/ninaclarissafrenzel.de\/wp-content\/uploads\/2026\/03\/Herzliche-Einladung-1086x1536.jpg 1086w, https:\/\/ninaclarissafrenzel.de\/wp-content\/uploads\/2026\/03\/Herzliche-Einladung-1448x2048.jpg 1448w, https:\/\/ninaclarissafrenzel.de\/wp-content\/uploads\/2026\/03\/Herzliche-Einladung-1140x1613.jpg 1140w, https:\/\/ninaclarissafrenzel.de\/wp-content\/uploads\/2026\/03\/Herzliche-Einladung-scaled.jpg 1810w\" sizes=\"auto, (max-width: 724px) 100vw, 724px\" \/><\/figure>\n<\/div>\n\n\n<p class=\"has-text-align-center has-medium-font-size\"><br><\/p>\n\n\n\n<p class=\"has-text-align-center has-medium-font-size\"><br><br><br><\/p>\n\n\n\n<p class=\"has-text-align-center has-medium-font-size\"><strong>&#8222;Sehnsuche&#8220; &#8211; eine  neue CD<\/strong><br><strong>samt einem dazugeh\u00f6rigen Notenheft<\/strong><br><br>Kompositionen von Christian Albrecht und Nina Clarissa Frenzel<br>f\u00fcr Violoncello, Gesang und Klavier<br><\/p>\n\n\n<div class=\"wp-block-image\">\n<figure class=\"aligncenter size-large is-resized\"><img loading=\"lazy\" decoding=\"async\" width=\"1024\" height=\"1024\" src=\"https:\/\/ninaclarissafrenzel.de\/wp-content\/uploads\/2025\/11\/Booklet3klein-1024x1024.jpg\" alt=\"\" class=\"wp-image-1711\" style=\"width:571px;height:auto\" srcset=\"https:\/\/ninaclarissafrenzel.de\/wp-content\/uploads\/2025\/11\/Booklet3klein-1024x1024.jpg 1024w, https:\/\/ninaclarissafrenzel.de\/wp-content\/uploads\/2025\/11\/Booklet3klein-300x300.jpg 300w, https:\/\/ninaclarissafrenzel.de\/wp-content\/uploads\/2025\/11\/Booklet3klein-150x150.jpg 150w, https:\/\/ninaclarissafrenzel.de\/wp-content\/uploads\/2025\/11\/Booklet3klein-768x768.jpg 768w, https:\/\/ninaclarissafrenzel.de\/wp-content\/uploads\/2025\/11\/Booklet3klein-1140x1140.jpg 1140w, https:\/\/ninaclarissafrenzel.de\/wp-content\/uploads\/2025\/11\/Booklet3klein-75x75.jpg 75w, https:\/\/ninaclarissafrenzel.de\/wp-content\/uploads\/2025\/11\/Booklet3klein.jpg 1441w\" sizes=\"auto, (max-width: 1024px) 100vw, 1024px\" \/><\/figure>\n<\/div>\n\n\n<p class=\"has-text-align-center has-medium-font-size\"><br>Bestellung \u00fcber <a href=\"https:\/\/ninaclarissafrenzel.de\/index.php\/aktuelles\/\" data-type=\"page\" data-id=\"90\">Kontakt<\/a> oder editionfeuervogel@posteo.de<br><br>Auch zu h\u00f6ren auf <a href=\"https:\/\/open.spotify.com\/intl-de\/album\/46HO972jgUJnEuxAOEQSzP?si=zW67fUQJRKGrpa6JhRqRZw&amp;nd=1&amp;dlsi=215d835f17874e3f\" data-type=\"link\" data-id=\"https:\/\/open.spotify.com\/intl-de\/album\/46HO972jgUJnEuxAOEQSzP?si=zW67fUQJRKGrpa6JhRqRZw&amp;nd=1&amp;dlsi=215d835f17874e3f\">Spotify<\/a>, <a href=\"https:\/\/music.amazon.com\/albums\/B0FYK4NZPN?tag=fndcmpgns-20\">Amazon Music<\/a>, <a href=\"https:\/\/www.deezer.com\/de\/album\/848138092\">Deezer<\/a> und <a href=\"https:\/\/feuervogel.hearnow.com\" data-type=\"link\" data-id=\"https:\/\/feuervogel.hearnow.com\">HearNow<\/a><br><br><br><br><\/p>\n\n\n\n<h3 class=\"wp-block-heading has-text-align-center\"><strong>Neue Live-Aufnahme <\/strong><br><br><br><\/h3>\n\n\n\n<h2 class=\"wp-block-heading has-text-align-center has-medium-font-size\"><strong>Gesang an die Sonne<br>Komposition f\u00fcr Gesang &amp; Monochord<\/strong><br><\/h2>\n\n\n\n<figure class=\"wp-block-embed is-type-video is-provider-youtube wp-block-embed-youtube wp-embed-aspect-16-9 wp-has-aspect-ratio\"><div class=\"wp-block-embed__wrapper\">\n<iframe loading=\"lazy\" title=\"Gesang an die Sonne, Nina Clarissa Frenzel, Gesang &amp; Monochord, Komposition\" width=\"960\" height=\"540\" src=\"https:\/\/www.youtube.com\/embed\/HacM-AMxooY?feature=oembed\" frameborder=\"0\" allow=\"accelerometer; autoplay; clipboard-write; encrypted-media; gyroscope; picture-in-picture; web-share\" referrerpolicy=\"strict-origin-when-cross-origin\" allowfullscreen><\/iframe>\n<\/div><\/figure>\n\n\n\n<h2 class=\"wp-block-heading has-text-align-center has-medium-font-size\"><br><br><br><strong>Nascimur &#8211; Ein Zauber<\/strong>wort<br><br><\/h2>\n\n\n\n<figure class=\"wp-block-embed is-type-video is-provider-youtube wp-block-embed-youtube wp-embed-aspect-16-9 wp-has-aspect-ratio\"><div class=\"wp-block-embed__wrapper\">\n<iframe loading=\"lazy\" title=\"Nascimur, Ein Zauberwort - Nina Clarissa Frenzel, Cello &amp; Gesang, Komposition, Malerei &amp; Dichtung\" width=\"960\" height=\"540\" src=\"https:\/\/www.youtube.com\/embed\/X_xZ06Zr0IU?feature=oembed\" frameborder=\"0\" allow=\"accelerometer; autoplay; clipboard-write; encrypted-media; gyroscope; picture-in-picture; web-share\" referrerpolicy=\"strict-origin-when-cross-origin\" allowfullscreen><\/iframe>\n<\/div><\/figure>\n\n\n\n<h2 class=\"wp-block-heading has-text-align-center has-medium-font-size\"><br><br><br><br><br><br><\/h2>\n\n\n\n<p class=\"has-text-align-center\"><br><br><br><br><br><\/p>\n\n\n\n<h3 class=\"wp-block-heading has-text-align-center\">Neues Doppel-Album &#8222;Personare&#8220;<\/h3>\n\n\n\n<p class=\"has-text-align-center\"><\/p>\n\n\n\n<p class=\"has-text-align-center has-medium-font-size\">Mein zweites Album &#8222;Personare&#8220; ist jetzt als Doppel-CD auf <a href=\"https:\/\/ninaclarissafrenzel.de\/index.php\/kontakt\/\" data-type=\"page\" data-id=\"23\">Anfrage<\/a> bei mir erh\u00e4ltlich!<\/p>\n\n\n\n<p class=\"has-text-align-center\"><\/p>\n\n\n<div class=\"wp-block-image\">\n<figure class=\"aligncenter size-large is-resized\"><img loading=\"lazy\" decoding=\"async\" width=\"723\" height=\"1024\" src=\"https:\/\/ninaclarissafrenzel.de\/wp-content\/uploads\/2024\/12\/Gesichte-723x1024.jpg\" alt=\"\" class=\"wp-image-1114\" style=\"width:436px;height:auto\" srcset=\"https:\/\/ninaclarissafrenzel.de\/wp-content\/uploads\/2024\/12\/Gesichte-723x1024.jpg 723w, https:\/\/ninaclarissafrenzel.de\/wp-content\/uploads\/2024\/12\/Gesichte-212x300.jpg 212w, https:\/\/ninaclarissafrenzel.de\/wp-content\/uploads\/2024\/12\/Gesichte-768x1088.jpg 768w, https:\/\/ninaclarissafrenzel.de\/wp-content\/uploads\/2024\/12\/Gesichte-1084x1536.jpg 1084w, https:\/\/ninaclarissafrenzel.de\/wp-content\/uploads\/2024\/12\/Gesichte-1446x2048.jpg 1446w, https:\/\/ninaclarissafrenzel.de\/wp-content\/uploads\/2024\/12\/Gesichte.jpg 1750w\" sizes=\"auto, (max-width: 723px) 100vw, 723px\" \/><\/figure>\n<\/div>\n\n\n<p class=\"has-text-align-center\"><br><br><br><\/p>\n\n\n\n<p><\/p>\n\n\n\n<h3 class=\"wp-block-heading has-text-align-center\">Anmeldung zum Newsletter <\/h3>\n\n\n\n<p class=\"has-text-align-center has-medium-font-size\"><em>Liebe Liebhaber kleiner Lauschnachmittage, liebe Wunderschmunzelnde,<\/em> <em>liebe ALLE,&#8230; <\/em><br><br>Wer gerne per Mail \u00fcber meine bevorstehenden Konzerte, Auff\u00fchrungen und Neuheiten informiert werden m\u00f6chte, schicke mir bitte eine kurze Nachricht: <br><a href=\"mailto:post@ninaclarissafrenzel.de\" data-type=\"mailto\" data-id=\"mailto:post@ninaclarissafrenzel.de\">post@ninaclarissafrenzel.de<\/a><br><\/p>\n\n\n\n<p><br><br><br><\/p>\n\n\n\n<h3 class=\"wp-block-heading has-text-align-center\">Feuervogel &#8211; Aufbruch zum Wesen<\/h3>\n\n\n\n<h5 class=\"wp-block-heading has-text-align-center\">Ein Telegram-Kanal<\/h5>\n\n\n\n<p class=\"has-text-align-center has-medium-font-size\">Demn\u00e4chst entsteht ein neuer Telegram-Kanal, in welchem regelm\u00e4\u00dfig Texte und Gedichte von mir <br>oder einfach Gedanken \u00fcber Zeit und Ewigkeit erscheinen.<br><a href=\"https:\/\/t.me\/+YRlG9jvmlPQ0N2My\" data-type=\"link\" data-id=\"https:\/\/t.me\/+YRlG9jvmlPQ0N2My\">t.me\/+YRlG9jvmlPQ0N2My<\/a><br><br><\/p>\n\n\n<div class=\"wp-block-image\">\n<figure class=\"aligncenter size-full is-resized\"><img loading=\"lazy\" decoding=\"async\" width=\"500\" height=\"500\" src=\"https:\/\/ninaclarissafrenzel.de\/wp-content\/uploads\/2025\/06\/image.png\" alt=\"\" class=\"wp-image-1547\" style=\"width:291px;height:auto\" srcset=\"https:\/\/ninaclarissafrenzel.de\/wp-content\/uploads\/2025\/06\/image.png 500w, https:\/\/ninaclarissafrenzel.de\/wp-content\/uploads\/2025\/06\/image-300x300.png 300w, https:\/\/ninaclarissafrenzel.de\/wp-content\/uploads\/2025\/06\/image-150x150.png 150w, https:\/\/ninaclarissafrenzel.de\/wp-content\/uploads\/2025\/06\/image-75x75.png 75w\" sizes=\"auto, (max-width: 500px) 100vw, 500px\" \/><\/figure>\n<\/div>\n\n\n<p class=\"has-text-align-center has-medium-font-size\"><\/p>\n\n\n\n<h3 class=\"wp-block-heading has-text-align-center\"><br><br><br><\/h3>\n\n\n\n<h3 class=\"wp-block-heading has-text-align-center\">Zeichen auf dem Weg<\/h3>\n\n\n\n<p class=\"has-text-align-center has-medium-font-size\">An jedem Samstagabend erscheinen auf der Seite <a href=\"https:\/\/ninaclarissafrenzel.de\/index.php\/aktuelles\/\" data-type=\"page\" data-id=\"90\">&#8222;Zu Anfang&#8220;<\/a> Zeichen auf dem Weg,<br>Ausz\u00fcge aus meinem k\u00fcnstlerischen Schaffen oder aus Werken Anderer, die meine Tage formen und begleiten. <br>Die separate Seite ist eine Chronik aller bisher ver\u00f6ffentlichten Wegeszeichen<\/p>\n","protected":false},"excerpt":{"rendered":"<p>Aktuelle Ausstellung &#8222;Nascimur&#8220;ab 15.04.2026 im Kunstspeicher Friedersdorf &#8222;Nascimur&#8220; \u00a0Gibt es etwas, wor\u00fcber Sie sich noch wundern k\u00f6nnen?Erinnern Sie sich an ein Zauberhaftes, das l\u00e4chelnd macht und Augenblitzen ?An ein geheimnisvolles Zauberwort? Nascimur. Es ist ein solches Zauberwort und wird \u00fcbersetzt mit: \u201ewir werden entstanden\u201c (lat.)Darum geht es in dieser Ausstellung.Um das Wieder-Entdecken der Frage nach dem Warum, dem Woher und dem Wie.Um das Wieder-Erwecken des Wunders, das als tiefe, einmalige Zauberformel, als Wesensgrund in jedem Menschen schlummert. Und um das Erwachen der Freude, wenn man einmal den Zauber dieses Wesensgrundes in sich selbst erf\u00e4hrt. Und dass es nicht darum geht, selbst noch mehr dazu zu tun, sondern das dieses Wunder durch einen hindurch wirkt. Sein Klang ist der Mensch selbst in seiner urspr\u00fcnglichen Bestimmung.\u00dcber dieses Wunder erz\u00e4hlen die Bilder, Gedichte und die Musik der K\u00fcnstlerin Nina Clarissa Frenzel. N\u00e4chstes Konzert Konzert zu den Kunst Loose Tagen 2026am 16.05.2026, um 19:15Uhr in der Scheune Klein Neuendorfer Stra\u00dfe 5 (Karola Wirth) &#8222;Sehnsuche&#8220; &#8211; eine neue CDsamt einem dazugeh\u00f6rigen Notenheft Kompositionen von Christian Albrecht und Nina Clarissa Frenzelf\u00fcr Violoncello, Gesang und Klavier Bestellung \u00fcber Kontakt oder editionfeuervogel@posteo.de Auch zu h\u00f6ren auf Spotify, Amazon Music, Deezer und HearNow Neue Live-Aufnahme Gesang an die SonneKomposition f\u00fcr Gesang &amp; Monochord Nascimur &#8211; Ein Zauberwort Neues Doppel-Album &#8222;Personare&#8220; Mein zweites Album &#8222;Personare&#8220; ist jetzt als Doppel-CD auf Anfrage bei mir erh\u00e4ltlich! Anmeldung zum Newsletter Liebe Liebhaber kleiner Lauschnachmittage, liebe Wunderschmunzelnde, liebe ALLE,&#8230; Wer gerne per Mail \u00fcber meine bevorstehenden Konzerte, Auff\u00fchrungen und Neuheiten informiert werden m\u00f6chte, schicke mir bitte eine kurze Nachricht: post@ninaclarissafrenzel.de Feuervogel &#8211; Aufbruch zum Wesen Ein Telegram-Kanal Demn\u00e4chst entsteht ein neuer Telegram-Kanal, in welchem regelm\u00e4\u00dfig Texte und Gedichte von mir oder einfach Gedanken \u00fcber Zeit und Ewigkeit erscheinen.t.me\/+YRlG9jvmlPQ0N2My Zeichen auf dem Weg An jedem Samstagabend erscheinen auf der Seite &#8222;Zu Anfang&#8220; Zeichen auf dem Weg,Ausz\u00fcge aus meinem k\u00fcnstlerischen Schaffen oder aus Werken Anderer, die meine Tage formen und begleiten. Die separate Seite ist eine Chronik aller bisher ver\u00f6ffentlichten Wegeszeichen<\/p>\n","protected":false},"author":1,"featured_media":0,"parent":0,"menu_order":0,"comment_status":"closed","ping_status":"closed","template":"","meta":{"_uag_custom_page_level_css":"","footnotes":""},"class_list":["post-787","page","type-page","status-publish","hentry"],"uagb_featured_image_src":{"full":false,"thumbnail":false,"medium":false,"medium_large":false,"large":false,"1536x1536":false,"2048x2048":false,"bard-slider-full-thumbnail":false,"bard-full-thumbnail":false,"bard-grid-thumbnail":false,"bard-list-thumbnail":false,"bard-single-navigation":false},"uagb_author_info":{"display_name":"admin","author_link":"https:\/\/ninaclarissafrenzel.de\/index.php\/author\/ninaclarissafrenzel\/"},"uagb_comment_info":0,"uagb_excerpt":"Aktuelle Ausstellung &#8222;Nascimur&#8220;ab 15.04.2026 im Kunstspeicher Friedersdorf &#8222;Nascimur&#8220; \u00a0Gibt es etwas, wor\u00fcber Sie sich noch wundern k\u00f6nnen?Erinnern Sie sich an ein Zauberhaftes, das l\u00e4chelnd macht und Augenblitzen ?An ein geheimnisvolles Zauberwort? Nascimur. Es ist ein solches Zauberwort und wird \u00fcbersetzt mit: \u201ewir werden entstanden\u201c (lat.)Darum geht es in dieser Ausstellung.Um das Wieder-Entdecken der Frage nach&hellip;","_links":{"self":[{"href":"https:\/\/ninaclarissafrenzel.de\/index.php\/wp-json\/wp\/v2\/pages\/787","targetHints":{"allow":["GET"]}}],"collection":[{"href":"https:\/\/ninaclarissafrenzel.de\/index.php\/wp-json\/wp\/v2\/pages"}],"about":[{"href":"https:\/\/ninaclarissafrenzel.de\/index.php\/wp-json\/wp\/v2\/types\/page"}],"author":[{"embeddable":true,"href":"https:\/\/ninaclarissafrenzel.de\/index.php\/wp-json\/wp\/v2\/users\/1"}],"replies":[{"embeddable":true,"href":"https:\/\/ninaclarissafrenzel.de\/index.php\/wp-json\/wp\/v2\/comments?post=787"}],"version-history":[{"count":274,"href":"https:\/\/ninaclarissafrenzel.de\/index.php\/wp-json\/wp\/v2\/pages\/787\/revisions"}],"predecessor-version":[{"id":1908,"href":"https:\/\/ninaclarissafrenzel.de\/index.php\/wp-json\/wp\/v2\/pages\/787\/revisions\/1908"}],"wp:attachment":[{"href":"https:\/\/ninaclarissafrenzel.de\/index.php\/wp-json\/wp\/v2\/media?parent=787"}],"curies":[{"name":"wp","href":"https:\/\/api.w.org\/{rel}","templated":true}]}}