{"id":23,"date":"2020-04-11T13:16:05","date_gmt":"2020-04-11T13:16:05","guid":{"rendered":"https:\/\/ninaclarissafrenzel.de\/?page_id=23"},"modified":"2025-04-08T20:47:33","modified_gmt":"2025-04-08T20:47:33","slug":"kontakt","status":"publish","type":"page","link":"https:\/\/ninaclarissafrenzel.de\/index.php\/kontakt\/","title":{"rendered":"Kontakt"},"content":{"rendered":"\n<p><br><br><\/p>\n\n\n\n<h4 class=\"wp-block-heading has-text-align-center\"><strong>Sie brauchen, w\u00fcnschen, suchen \u2026 ?<\/strong><br><br><\/h4>\n\n\n\n<p class=\"has-text-align-center has-medium-font-size\">Wenn Sie Interresse haben an meinen Lehrangeboten, Kunstdrucken oder meiner Musik melden Sie sich gerne per Brief-, Mailpost oder Telefon. Ich freue mich \u00fcber Anfragen jeglicher Art und bin gespannt auf die vielf\u00e4ltigsten, sch\u00f6pferischen Kombinationen!<\/p>\n\n\n\n<p class=\"has-text-align-center has-medium-font-size\"><br><br><br><strong>Nina Clarissa Frenze<\/strong>l<br><strong>Schulstra\u00dfe 15<br>15324 Letschin \/ OT Kienitz<br>E-Mail: <a href=\"mailto:post@ninaclarissafrenzel.de\">post@ninaclarissafrenzel.de<\/a><br>Mobil: +49 157 3659 8568<\/strong><br><br><br><\/p>\n\n\n<div class=\"wp-block-image\">\n<figure class=\"aligncenter size-large is-resized\"><img loading=\"lazy\" decoding=\"async\" width=\"768\" height=\"1024\" src=\"https:\/\/ninaclarissafrenzel.de\/wp-content\/uploads\/2025\/02\/GE6A3139x_raw-768x1024.jpeg\" alt=\"\" class=\"wp-image-1237\" style=\"width:675px;height:auto\" srcset=\"https:\/\/ninaclarissafrenzel.de\/wp-content\/uploads\/2025\/02\/GE6A3139x_raw-768x1024.jpeg 768w, https:\/\/ninaclarissafrenzel.de\/wp-content\/uploads\/2025\/02\/GE6A3139x_raw-225x300.jpeg 225w, https:\/\/ninaclarissafrenzel.de\/wp-content\/uploads\/2025\/02\/GE6A3139x_raw.jpeg 1023w\" sizes=\"auto, (max-width: 768px) 100vw, 768px\" \/><\/figure>\n<\/div>\n\n\n<p style=\"font-size:12px\"><br><\/p>\n\n\n\n<p class=\"has-text-align-center\" style=\"font-size:12px\">F\u00fcr die Fotos herzlichen Dank an: <a href=\"https:\/\/bilder-reisen.de\" data-type=\"URL\" data-id=\"https:\/\/bilder-reisen.de\" target=\"_blank\" rel=\"noreferrer noopener\">Heike Zappe<\/a>, <a href=\"http:\/\/www.arnoldphotographie.de\" data-type=\"URL\" data-id=\"http:\/\/www.arnoldphotographie.de\" target=\"_blank\" rel=\"noreferrer noopener\">Ren\u00e9 Arnold<\/a> und <a href=\"https:\/\/www.schoenknecht-fotografie.de\" data-type=\"link\" data-id=\"https:\/\/www.schoenknecht-fotografie.de\">Tilo Schoenknecht<\/a><\/p>\n\n\n\n<p class=\"has-text-align-center\"><br><br><strong>Impressum<\/strong><\/p>\n\n\n\n<p class=\"has-text-align-center\">Copyright Abbildungen \u00a9 Nina Clarissa Frenzel, <a href=\"https:\/\/bilder-reisen.de\" data-type=\"URL\" data-id=\"https:\/\/bilder-reisen.de\" target=\"_blank\" rel=\"noreferrer noopener\">Heike Zappe<\/a>, <a href=\"http:\/\/www.arnoldphotographie.de\" data-type=\"URL\" data-id=\"http:\/\/www.arnoldphotographie.de\" target=\"_blank\" rel=\"noreferrer noopener\">Ren\u00e9 Arnold<\/a>, <a href=\"https:\/\/www.schoenknecht-fotografie.de\" data-type=\"link\" data-id=\"https:\/\/www.schoenknecht-fotografie.de\">Tilo Schoenknecht<\/a><\/p>\n\n\n\n<p>Alle Rechte vorbehalten! S\u00e4mtliche Abbildungen d\u00fcrfen ohne schriftliche Zustimmung weder in Teilen noch in irgendeiner anderen Art und Weise reproduziert werden.<\/p>\n\n\n\n<p>Die Inhalte dieser Website sind urheberrechtlich gesch\u00fctzt. Die Weiterverwendung der Inhalte, insbesondere Verbreitung und Vervielf\u00e4ltigung, Speicherung, Bearbeitung sowie Weitergabe an Dritte (ganz oder in Teilen) bedarf der schriftlichen Zustimmung durch die Seiteninhaberin und ist andernfalls untersagt. Alle Inhalte dieser Website wurden sorgf\u00e4ltig und gewissenhaft recherchiert. Dennoch kann die Seiteninhaberin keine Gew\u00e4hrleistung \u00fcbernehmen f\u00fcr die Richtigkeit der Inhalte und insbesondere nicht f\u00fcr Sch\u00e4den haftbar gemacht werden, die im Zusammenhang mit besagten Inhalten entstehen. Die Seiteninhaberin pr\u00fcft Verkn\u00fcpfungen zu Webseiten Dritter vor der Ver\u00f6ffentlichung und versichert, dass diese Webseiten zum Zeitpunkt der Ver\u00f6ffentlichung keine rechtswidrigen Gegenst\u00e4nde enthalten. F\u00fcr \u00c4nderungen an verkn\u00fcpften Inhalten, die Dritte nach der Ver\u00f6ffentlichung durch die Seiteninhaberin vornehmen, kann die Seiteninhaberin nicht haftbar gemacht werden. Die Seiteninhaberin wahrt die Privatsph\u00e4re der Nutzer und erhebt keine personenbezogenen Daten. Alle Marken- und Warenzeichen in Bildern und Texten unterliegen dem jeweils g\u00fcltigen Kennzeichenrecht sowie dem Besitzrecht durch die eingetragenen Eigent\u00fcmer. Dieser Haftungsausschluss ist Teil der Webseite. Sofern Teile des Texts oder einzelne Formulierungen dem geltenden Recht nicht oder nur in Teilen entsprechen, bleibt die G\u00fcltigkeit des Textes im \u00dcbrigen davon unber\u00fchrt.<\/p>\n","protected":false},"excerpt":{"rendered":"<p>Sie brauchen, w\u00fcnschen, suchen \u2026 ? Wenn Sie Interresse haben an meinen Lehrangeboten, Kunstdrucken oder meiner Musik melden Sie sich gerne per Brief-, Mailpost oder Telefon. Ich freue mich \u00fcber Anfragen jeglicher Art und bin gespannt auf die vielf\u00e4ltigsten, sch\u00f6pferischen Kombinationen! Nina Clarissa FrenzelSchulstra\u00dfe 1515324 Letschin \/ OT KienitzE-Mail: post@ninaclarissafrenzel.deMobil: +49 157 3659 8568 F\u00fcr die Fotos herzlichen Dank an: Heike Zappe, Ren\u00e9 Arnold und Tilo Schoenknecht Impressum Copyright Abbildungen \u00a9 Nina Clarissa Frenzel, Heike Zappe, Ren\u00e9 Arnold, Tilo Schoenknecht Alle Rechte vorbehalten! S\u00e4mtliche Abbildungen d\u00fcrfen ohne schriftliche Zustimmung weder in Teilen noch in irgendeiner anderen Art und Weise reproduziert werden. Die Inhalte dieser Website sind urheberrechtlich gesch\u00fctzt. Die Weiterverwendung der Inhalte, insbesondere Verbreitung und Vervielf\u00e4ltigung, Speicherung, Bearbeitung sowie Weitergabe an Dritte (ganz oder in Teilen) bedarf der schriftlichen Zustimmung durch die Seiteninhaberin und ist andernfalls untersagt. Alle Inhalte dieser Website wurden sorgf\u00e4ltig und gewissenhaft recherchiert. Dennoch kann die Seiteninhaberin keine Gew\u00e4hrleistung \u00fcbernehmen f\u00fcr die Richtigkeit der Inhalte und insbesondere nicht f\u00fcr Sch\u00e4den haftbar gemacht werden, die im Zusammenhang mit besagten Inhalten entstehen. Die Seiteninhaberin pr\u00fcft Verkn\u00fcpfungen zu Webseiten Dritter vor der Ver\u00f6ffentlichung und versichert, dass diese Webseiten zum Zeitpunkt der Ver\u00f6ffentlichung keine rechtswidrigen Gegenst\u00e4nde enthalten. F\u00fcr \u00c4nderungen an verkn\u00fcpften Inhalten, die Dritte nach der Ver\u00f6ffentlichung durch die Seiteninhaberin vornehmen, kann die Seiteninhaberin nicht haftbar gemacht werden. Die Seiteninhaberin wahrt die Privatsph\u00e4re der Nutzer und erhebt keine personenbezogenen Daten. Alle Marken- und Warenzeichen in Bildern und Texten unterliegen dem jeweils g\u00fcltigen Kennzeichenrecht sowie dem Besitzrecht durch die eingetragenen Eigent\u00fcmer. Dieser Haftungsausschluss ist Teil der Webseite. Sofern Teile des Texts oder einzelne Formulierungen dem geltenden Recht nicht oder nur in Teilen entsprechen, bleibt die G\u00fcltigkeit des Textes im \u00dcbrigen davon unber\u00fchrt.<\/p>\n","protected":false},"author":1,"featured_media":0,"parent":0,"menu_order":0,"comment_status":"closed","ping_status":"closed","template":"","meta":{"_uag_custom_page_level_css":"","footnotes":""},"class_list":["post-23","page","type-page","status-publish","hentry"],"uagb_featured_image_src":{"full":false,"thumbnail":false,"medium":false,"medium_large":false,"large":false,"1536x1536":false,"2048x2048":false,"bard-slider-full-thumbnail":false,"bard-full-thumbnail":false,"bard-grid-thumbnail":false,"bard-list-thumbnail":false,"bard-single-navigation":false},"uagb_author_info":{"display_name":"admin","author_link":"https:\/\/ninaclarissafrenzel.de\/index.php\/author\/ninaclarissafrenzel\/"},"uagb_comment_info":0,"uagb_excerpt":"Sie brauchen, w\u00fcnschen, suchen \u2026 ? Wenn Sie Interresse haben an meinen Lehrangeboten, Kunstdrucken oder meiner Musik melden Sie sich gerne per Brief-, Mailpost oder Telefon. Ich freue mich \u00fcber Anfragen jeglicher Art und bin gespannt auf die vielf\u00e4ltigsten, sch\u00f6pferischen Kombinationen! Nina Clarissa FrenzelSchulstra\u00dfe 1515324 Letschin \/ OT KienitzE-Mail: post@ninaclarissafrenzel.deMobil: +49 157 3659 8568 F\u00fcr&hellip;","_links":{"self":[{"href":"https:\/\/ninaclarissafrenzel.de\/index.php\/wp-json\/wp\/v2\/pages\/23","targetHints":{"allow":["GET"]}}],"collection":[{"href":"https:\/\/ninaclarissafrenzel.de\/index.php\/wp-json\/wp\/v2\/pages"}],"about":[{"href":"https:\/\/ninaclarissafrenzel.de\/index.php\/wp-json\/wp\/v2\/types\/page"}],"author":[{"embeddable":true,"href":"https:\/\/ninaclarissafrenzel.de\/index.php\/wp-json\/wp\/v2\/users\/1"}],"replies":[{"embeddable":true,"href":"https:\/\/ninaclarissafrenzel.de\/index.php\/wp-json\/wp\/v2\/comments?post=23"}],"version-history":[{"count":39,"href":"https:\/\/ninaclarissafrenzel.de\/index.php\/wp-json\/wp\/v2\/pages\/23\/revisions"}],"predecessor-version":[{"id":1385,"href":"https:\/\/ninaclarissafrenzel.de\/index.php\/wp-json\/wp\/v2\/pages\/23\/revisions\/1385"}],"wp:attachment":[{"href":"https:\/\/ninaclarissafrenzel.de\/index.php\/wp-json\/wp\/v2\/media?parent=23"}],"curies":[{"name":"wp","href":"https:\/\/api.w.org\/{rel}","templated":true}]}}