{"id":22,"date":"2020-04-11T13:16:05","date_gmt":"2020-04-11T13:16:05","guid":{"rendered":"https:\/\/ninaclarissafrenzel.de\/?page_id=22"},"modified":"2025-04-09T22:03:32","modified_gmt":"2025-04-09T22:03:32","slug":"ueber-uns","status":"publish","type":"page","link":"https:\/\/ninaclarissafrenzel.de\/index.php\/ueber-uns\/","title":{"rendered":"\u00dcber mich"},"content":{"rendered":"\n<p><br><\/p>\n\n\n<div class=\"wp-block-image\">\n<figure class=\"aligncenter size-full is-resized\"><img loading=\"lazy\" decoding=\"async\" width=\"1676\" height=\"1340\" src=\"https:\/\/ninaclarissafrenzel.de\/wp-content\/uploads\/2025\/02\/GE6A3154x_raw.jpeg\" alt=\"\" class=\"wp-image-1231\" style=\"width:660px;height:auto\" srcset=\"https:\/\/ninaclarissafrenzel.de\/wp-content\/uploads\/2025\/02\/GE6A3154x_raw.jpeg 1676w, https:\/\/ninaclarissafrenzel.de\/wp-content\/uploads\/2025\/02\/GE6A3154x_raw-300x240.jpeg 300w, https:\/\/ninaclarissafrenzel.de\/wp-content\/uploads\/2025\/02\/GE6A3154x_raw-1024x819.jpeg 1024w, https:\/\/ninaclarissafrenzel.de\/wp-content\/uploads\/2025\/02\/GE6A3154x_raw-768x614.jpeg 768w, https:\/\/ninaclarissafrenzel.de\/wp-content\/uploads\/2025\/02\/GE6A3154x_raw-1536x1228.jpeg 1536w, https:\/\/ninaclarissafrenzel.de\/wp-content\/uploads\/2025\/02\/GE6A3154x_raw-1140x911.jpeg 1140w\" sizes=\"auto, (max-width: 1676px) 100vw, 1676px\" \/><figcaption class=\"wp-element-caption\"><em>\u00a9 Tilo Sch\u00f6nknecht www.schoenknecht-fotografie.de<\/em><\/figcaption><\/figure>\n<\/div>\n\n\n<p><br><\/p>\n\n\n\n<p class=\"has-text-align-center has-medium-font-size\"><br>* 1998 in Dresden geboren<br><br>* 2021 Abschluss Cellostudium an der Hochschule f\u00fcr Musik W\u00fcrzburg <br><br>* K\u00fcnstlerische T\u00e4tigkeit mit Eigenkompositionen f\u00fcr Solocello, <br>sowie in Kombination mit Stimme, Klangspiel, Monochord oder Chor<br><br>* Verbindung der Musik mit Malerei und Dichtung<br><br>* T\u00e4tigkeit als Lehrerin in den Instrumenten Violoncello und Klavier<\/p>\n\n\n\n<p><br><br><br><\/p>\n\n\n\n<h3 class=\"wp-block-heading has-text-align-center\"><em><strong>Personare<\/strong><\/em><br><br><\/h3>\n\n\n\n<p class=\"has-text-align-center has-medium-font-size\" id=\"viewer-unk06571\">Es hat mich aus den St\u00e4dten in ein kleines Dorf im Oderbruch verschlagen, <br>dessen Stille und Weite meinen k\u00fcnstlerischen und allt\u00e4glichen Weg pr\u00e4gen. <br>Aus Begegnungen, Erlebnissen, der Arbeit in meinem Garten, einem Stille- oder Vielbesch\u00e4ftigtsein, <br>vor allem aber wohl aus der fortw\u00e4hrenden Frage nach der Bestimmung des Menschen <br>und dem Drang, ihr gerecht zu werden und dieses innere Bild geschehen zu lassen, <br>formt sich mein Leben, meine Person und t\u00f6nt meine Kunst aus ihr heraus. <br>Bekanntlich hei\u00dft ja \u201ePersonare\u201c: Hindurcht\u00f6nen.<\/p>\n\n\n\n<p class=\"has-text-align-center has-medium-font-size\">Das, was den Menschen zum Menschen macht, ist sein \u201ePerson-Sein\u201c. <br>Es ist seine ganz bestimmte, individuelle Weise vom Wesentlichen in der Welt zu zeugen. <br>Das Wesentliche ist das LEBEN selbst, das in Allem anwesend ist, <br>als Urgrund und urspr\u00fcngliche Einheit allen Seins. <br>Es durch sich \u201ehindurcht\u00f6nen\u201c zu lassen und als Person unentwegt auf diese Einheit ausgerichtet zu sein, <br>mit ihr eins und damit sich selbst zu werden, meint das Wort \u201ePersonare\u201c.&nbsp;<\/p>\n\n\n\n<p class=\"has-text-align-center has-medium-font-size\">Die Kompositionen, die teilweise mit einem Gedicht und einer Malerei verbunden sind, <br>sind Ausdruck meines Weges hin zu diesem Person-Sein. <br>Sie sind durch mich \u201ehindurchgeflossen\u201c, als eine Form tiefen Erlebens und Empfindens jenes namenlosen Wunders, <br>das uns staunend macht und still, wenn wir ihm nur lauschen\u2026..<\/p>\n\n\n\n<p><\/p>\n\n\n\n<p class=\"has-text-align-center\"><br><br><br><br><\/p>\n\n\n<div class=\"wp-block-image\">\n<figure class=\"aligncenter size-full is-resized\"><img loading=\"lazy\" decoding=\"async\" width=\"683\" height=\"1024\" src=\"https:\/\/ninaclarissafrenzel.de\/wp-content\/uploads\/2024\/02\/image.png\" alt=\"\" class=\"wp-image-994\" style=\"width:474px;height:auto\" srcset=\"https:\/\/ninaclarissafrenzel.de\/wp-content\/uploads\/2024\/02\/image.png 683w, https:\/\/ninaclarissafrenzel.de\/wp-content\/uploads\/2024\/02\/image-200x300.png 200w\" sizes=\"auto, (max-width: 683px) 100vw, 683px\" \/><figcaption class=\"wp-element-caption\"><em>\u00a9 Heike Zappe&nbsp;<a href=\"https:\/\/bilder-reisen.de\/\" target=\"_blank\" rel=\"noreferrer noopener\">www.bilder-reisen.de<\/a><\/em><\/figcaption><\/figure>\n<\/div>\n\n\n<p> <br><\/p>\n","protected":false},"excerpt":{"rendered":"<p>* 1998 in Dresden geboren * 2021 Abschluss Cellostudium an der Hochschule f\u00fcr Musik W\u00fcrzburg * K\u00fcnstlerische T\u00e4tigkeit mit Eigenkompositionen f\u00fcr Solocello, sowie in Kombination mit Stimme, Klangspiel, Monochord oder Chor * Verbindung der Musik mit Malerei und Dichtung * T\u00e4tigkeit als Lehrerin in den Instrumenten Violoncello und Klavier Personare Es hat mich aus den St\u00e4dten in ein kleines Dorf im Oderbruch verschlagen, dessen Stille und Weite meinen k\u00fcnstlerischen und allt\u00e4glichen Weg pr\u00e4gen. Aus Begegnungen, Erlebnissen, der Arbeit in meinem Garten, einem Stille- oder Vielbesch\u00e4ftigtsein, vor allem aber wohl aus der fortw\u00e4hrenden Frage nach der Bestimmung des Menschen und dem Drang, ihr gerecht zu werden und dieses innere Bild geschehen zu lassen, formt sich mein Leben, meine Person und t\u00f6nt meine Kunst aus ihr heraus. Bekanntlich hei\u00dft ja \u201ePersonare\u201c: Hindurcht\u00f6nen. Das, was den Menschen zum Menschen macht, ist sein \u201ePerson-Sein\u201c. Es ist seine ganz bestimmte, individuelle Weise vom Wesentlichen in der Welt zu zeugen. Das Wesentliche ist das LEBEN selbst, das in Allem anwesend ist, als Urgrund und urspr\u00fcngliche Einheit allen Seins. Es durch sich \u201ehindurcht\u00f6nen\u201c zu lassen und als Person unentwegt auf diese Einheit ausgerichtet zu sein, mit ihr eins und damit sich selbst zu werden, meint das Wort \u201ePersonare\u201c.&nbsp; Die Kompositionen, die teilweise mit einem Gedicht und einer Malerei verbunden sind, sind Ausdruck meines Weges hin zu diesem Person-Sein. Sie sind durch mich \u201ehindurchgeflossen\u201c, als eine Form tiefen Erlebens und Empfindens jenes namenlosen Wunders, das uns staunend macht und still, wenn wir ihm nur lauschen\u2026..<\/p>\n","protected":false},"author":1,"featured_media":0,"parent":0,"menu_order":0,"comment_status":"closed","ping_status":"closed","template":"","meta":{"_uag_custom_page_level_css":"","footnotes":""},"class_list":["post-22","page","type-page","status-publish","hentry"],"uagb_featured_image_src":{"full":false,"thumbnail":false,"medium":false,"medium_large":false,"large":false,"1536x1536":false,"2048x2048":false,"bard-slider-full-thumbnail":false,"bard-full-thumbnail":false,"bard-grid-thumbnail":false,"bard-list-thumbnail":false,"bard-single-navigation":false},"uagb_author_info":{"display_name":"admin","author_link":"https:\/\/ninaclarissafrenzel.de\/index.php\/author\/ninaclarissafrenzel\/"},"uagb_comment_info":0,"uagb_excerpt":"* 1998 in Dresden geboren * 2021 Abschluss Cellostudium an der Hochschule f\u00fcr Musik W\u00fcrzburg * K\u00fcnstlerische T\u00e4tigkeit mit Eigenkompositionen f\u00fcr Solocello, sowie in Kombination mit Stimme, Klangspiel, Monochord oder Chor * Verbindung der Musik mit Malerei und Dichtung * T\u00e4tigkeit als Lehrerin in den Instrumenten Violoncello und Klavier Personare Es hat mich aus den&hellip;","_links":{"self":[{"href":"https:\/\/ninaclarissafrenzel.de\/index.php\/wp-json\/wp\/v2\/pages\/22","targetHints":{"allow":["GET"]}}],"collection":[{"href":"https:\/\/ninaclarissafrenzel.de\/index.php\/wp-json\/wp\/v2\/pages"}],"about":[{"href":"https:\/\/ninaclarissafrenzel.de\/index.php\/wp-json\/wp\/v2\/types\/page"}],"author":[{"embeddable":true,"href":"https:\/\/ninaclarissafrenzel.de\/index.php\/wp-json\/wp\/v2\/users\/1"}],"replies":[{"embeddable":true,"href":"https:\/\/ninaclarissafrenzel.de\/index.php\/wp-json\/wp\/v2\/comments?post=22"}],"version-history":[{"count":81,"href":"https:\/\/ninaclarissafrenzel.de\/index.php\/wp-json\/wp\/v2\/pages\/22\/revisions"}],"predecessor-version":[{"id":1389,"href":"https:\/\/ninaclarissafrenzel.de\/index.php\/wp-json\/wp\/v2\/pages\/22\/revisions\/1389"}],"wp:attachment":[{"href":"https:\/\/ninaclarissafrenzel.de\/index.php\/wp-json\/wp\/v2\/media?parent=22"}],"curies":[{"name":"wp","href":"https:\/\/api.w.org\/{rel}","templated":true}]}}