{"id":1704,"date":"2025-11-02T21:49:25","date_gmt":"2025-11-02T21:49:25","guid":{"rendered":"https:\/\/ninaclarissafrenzel.de\/?page_id=1704"},"modified":"2026-04-05T15:12:29","modified_gmt":"2026-04-05T15:12:29","slug":"edition-feuervogel","status":"publish","type":"page","link":"https:\/\/ninaclarissafrenzel.de\/index.php\/edition-feuervogel\/","title":{"rendered":"Edition Feuervogel"},"content":{"rendered":"\n<h4 class=\"wp-block-heading has-text-align-center\"><br>Ein freier Verlag f\u00fcr Gedanken, Musik und Malerei <br>\u00fcber den Weg durch Zeit und Ewigkeit<br><br><br><\/h4>\n\n\n<div class=\"wp-block-image\">\n<figure class=\"aligncenter size-large is-resized\"><img loading=\"lazy\" decoding=\"async\" width=\"988\" height=\"1024\" src=\"https:\/\/ninaclarissafrenzel.de\/wp-content\/uploads\/2025\/11\/Feuervogel-1-988x1024.jpg\" alt=\"\" class=\"wp-image-1713\" style=\"width:391px;height:auto\" srcset=\"https:\/\/ninaclarissafrenzel.de\/wp-content\/uploads\/2025\/11\/Feuervogel-1-988x1024.jpg 988w, https:\/\/ninaclarissafrenzel.de\/wp-content\/uploads\/2025\/11\/Feuervogel-1-290x300.jpg 290w, https:\/\/ninaclarissafrenzel.de\/wp-content\/uploads\/2025\/11\/Feuervogel-1-768x796.jpg 768w, https:\/\/ninaclarissafrenzel.de\/wp-content\/uploads\/2025\/11\/Feuervogel-1-1482x1536.jpg 1482w, https:\/\/ninaclarissafrenzel.de\/wp-content\/uploads\/2025\/11\/Feuervogel-1-1977x2048.jpg 1977w, https:\/\/ninaclarissafrenzel.de\/wp-content\/uploads\/2025\/11\/Feuervogel-1-1140x1181.jpg 1140w\" sizes=\"auto, (max-width: 988px) 100vw, 988px\" \/><\/figure>\n<\/div>\n\n\n<p class=\"has-text-align-center has-medium-font-size\"><br>S\u00e4mtliche Bestellungen bitte direkt \u00fcber den <a href=\"https:\/\/ninaclarissafrenzel.de\/index.php\/kontakt\/\" data-type=\"page\" data-id=\"23\">Kontakt<\/a> Nina Clarissa Frenzel<br>oder per Mail an editionfeuervogel@posteo.de<br><br><br><\/p>\n\n\n\n<h3 class=\"wp-block-heading has-text-align-center\">Brosch\u00fcren <br><br><\/h3>\n\n\n\n<p class=\"has-text-align-center has-medium-font-size\">Brosch\u00fcre No. 1 Feuervogel &#8211; Aufbruch zum Wesen<br><strong>Gedanken und Gedichte \u00fcber den Weg durch die Zeit vom 08. April bis zum 21. Juni 2025<\/strong><br><br><br><\/p>\n\n\n<div class=\"wp-block-image\">\n<figure class=\"aligncenter size-large is-resized\"><img loading=\"lazy\" decoding=\"async\" width=\"723\" height=\"1024\" src=\"https:\/\/ninaclarissafrenzel.de\/wp-content\/uploads\/2025\/11\/Feuervogel-Broschuere-No.1-723x1024.jpeg\" alt=\"\" class=\"wp-image-1706\" style=\"width:347px;height:auto\" srcset=\"https:\/\/ninaclarissafrenzel.de\/wp-content\/uploads\/2025\/11\/Feuervogel-Broschuere-No.1-723x1024.jpeg 723w, https:\/\/ninaclarissafrenzel.de\/wp-content\/uploads\/2025\/11\/Feuervogel-Broschuere-No.1-212x300.jpeg 212w, https:\/\/ninaclarissafrenzel.de\/wp-content\/uploads\/2025\/11\/Feuervogel-Broschuere-No.1-768x1088.jpeg 768w, https:\/\/ninaclarissafrenzel.de\/wp-content\/uploads\/2025\/11\/Feuervogel-Broschuere-No.1-1084x1536.jpeg 1084w, https:\/\/ninaclarissafrenzel.de\/wp-content\/uploads\/2025\/11\/Feuervogel-Broschuere-No.1-1445x2048.jpeg 1445w, https:\/\/ninaclarissafrenzel.de\/wp-content\/uploads\/2025\/11\/Feuervogel-Broschuere-No.1-1140x1616.jpeg 1140w, https:\/\/ninaclarissafrenzel.de\/wp-content\/uploads\/2025\/11\/Feuervogel-Broschuere-No.1.jpeg 1750w\" sizes=\"auto, (max-width: 723px) 100vw, 723px\" \/><\/figure>\n<\/div>\n\n\n<p class=\"has-text-align-center has-medium-font-size\"><br><br><br>Brosch\u00fcre, Sonderausgabe Feuervogel &#8211; Aufbruch zum Wesen<br><strong>Sonderausgabe, Alchimische Spiegelbilder &#8211; Eine sinfonische Dichtung<\/strong><br><br><\/p>\n\n\n<div class=\"wp-block-image\">\n<figure class=\"aligncenter size-large is-resized\"><img loading=\"lazy\" decoding=\"async\" width=\"723\" height=\"1024\" src=\"https:\/\/ninaclarissafrenzel.de\/wp-content\/uploads\/2025\/11\/Alchimische-Spiegelbilder-Broschuere-723x1024.jpg\" alt=\"\" class=\"wp-image-1707\" style=\"width:360px;height:auto\" srcset=\"https:\/\/ninaclarissafrenzel.de\/wp-content\/uploads\/2025\/11\/Alchimische-Spiegelbilder-Broschuere-723x1024.jpg 723w, https:\/\/ninaclarissafrenzel.de\/wp-content\/uploads\/2025\/11\/Alchimische-Spiegelbilder-Broschuere-212x300.jpg 212w, https:\/\/ninaclarissafrenzel.de\/wp-content\/uploads\/2025\/11\/Alchimische-Spiegelbilder-Broschuere-768x1088.jpg 768w, https:\/\/ninaclarissafrenzel.de\/wp-content\/uploads\/2025\/11\/Alchimische-Spiegelbilder-Broschuere-1084x1536.jpg 1084w, https:\/\/ninaclarissafrenzel.de\/wp-content\/uploads\/2025\/11\/Alchimische-Spiegelbilder-Broschuere-1445x2048.jpg 1445w, https:\/\/ninaclarissafrenzel.de\/wp-content\/uploads\/2025\/11\/Alchimische-Spiegelbilder-Broschuere-1140x1616.jpg 1140w, https:\/\/ninaclarissafrenzel.de\/wp-content\/uploads\/2025\/11\/Alchimische-Spiegelbilder-Broschuere.jpg 1750w\" sizes=\"auto, (max-width: 723px) 100vw, 723px\" \/><\/figure>\n<\/div>\n\n\n<p><br><br><br><br><br><\/p>\n\n\n\n<p class=\"has-text-align-center has-medium-font-size\">Brosch\u00fcre No. 2 Feuervogel &#8211; Aufbruch zum Wesen<br><strong>Gedanken und Gedichte \u00fcber den Weg durch die Zeit <\/strong><\/p>\n\n\n<div class=\"wp-block-image\">\n<figure class=\"aligncenter size-large is-resized\"><img loading=\"lazy\" decoding=\"async\" width=\"723\" height=\"1024\" src=\"https:\/\/ninaclarissafrenzel.de\/wp-content\/uploads\/2026\/04\/Feuervogel-Broschuere-No.2-723x1024.jpg\" alt=\"\" class=\"wp-image-1893\" style=\"aspect-ratio:0.7056507186454026;width:349px;height:auto\" srcset=\"https:\/\/ninaclarissafrenzel.de\/wp-content\/uploads\/2026\/04\/Feuervogel-Broschuere-No.2-723x1024.jpg 723w, https:\/\/ninaclarissafrenzel.de\/wp-content\/uploads\/2026\/04\/Feuervogel-Broschuere-No.2-212x300.jpg 212w, https:\/\/ninaclarissafrenzel.de\/wp-content\/uploads\/2026\/04\/Feuervogel-Broschuere-No.2-768x1088.jpg 768w, https:\/\/ninaclarissafrenzel.de\/wp-content\/uploads\/2026\/04\/Feuervogel-Broschuere-No.2-1084x1536.jpg 1084w, https:\/\/ninaclarissafrenzel.de\/wp-content\/uploads\/2026\/04\/Feuervogel-Broschuere-No.2-1445x2048.jpg 1445w, https:\/\/ninaclarissafrenzel.de\/wp-content\/uploads\/2026\/04\/Feuervogel-Broschuere-No.2-1140x1616.jpg 1140w, https:\/\/ninaclarissafrenzel.de\/wp-content\/uploads\/2026\/04\/Feuervogel-Broschuere-No.2.jpg 1750w\" sizes=\"auto, (max-width: 723px) 100vw, 723px\" \/><\/figure>\n<\/div>\n\n\n<p><\/p>\n\n\n\n<h3 class=\"wp-block-heading has-text-align-center\"><br><br><br><br>Musik <br><br><\/h3>\n\n\n\n<p class=\"has-text-align-center has-medium-font-size\"><strong>CD &#8222;Sehnsuche&#8220;<\/strong><br>Kompositionen f\u00fcr Violoncello, Gesang und Klavier<br>in Zusammenarbeit mit Christian Albrecht<br><br><\/p>\n\n\n<div class=\"wp-block-image\">\n<figure class=\"aligncenter size-large is-resized\"><img loading=\"lazy\" decoding=\"async\" width=\"1024\" height=\"1024\" src=\"https:\/\/ninaclarissafrenzel.de\/wp-content\/uploads\/2025\/11\/Booklet3klein-1024x1024.jpg\" alt=\"\" class=\"wp-image-1711\" style=\"width:519px;height:auto\" srcset=\"https:\/\/ninaclarissafrenzel.de\/wp-content\/uploads\/2025\/11\/Booklet3klein-1024x1024.jpg 1024w, https:\/\/ninaclarissafrenzel.de\/wp-content\/uploads\/2025\/11\/Booklet3klein-300x300.jpg 300w, https:\/\/ninaclarissafrenzel.de\/wp-content\/uploads\/2025\/11\/Booklet3klein-150x150.jpg 150w, https:\/\/ninaclarissafrenzel.de\/wp-content\/uploads\/2025\/11\/Booklet3klein-768x768.jpg 768w, https:\/\/ninaclarissafrenzel.de\/wp-content\/uploads\/2025\/11\/Booklet3klein-1140x1140.jpg 1140w, https:\/\/ninaclarissafrenzel.de\/wp-content\/uploads\/2025\/11\/Booklet3klein-75x75.jpg 75w, https:\/\/ninaclarissafrenzel.de\/wp-content\/uploads\/2025\/11\/Booklet3klein.jpg 1441w\" sizes=\"auto, (max-width: 1024px) 100vw, 1024px\" \/><\/figure>\n<\/div>\n\n\n<p><\/p>\n\n\n\n<p class=\"has-text-align-center has-medium-font-size\"><br>Zu h\u00f6ren auf s\u00e4mtlichen Plattformen:<br><a href=\"https:\/\/open.spotify.com\/intl-de\/album\/46HO972jgUJnEuxAOEQSzP?si=zW67fUQJRKGrpa6JhRqRZw&amp;nd=1&amp;dlsi=c8d1b8c0d1624239\">Spotify<\/a>, <a href=\"https:\/\/music.amazon.com\/albums\/B0FYK4NZPN?tag=fndcmpgns-20\">Amazon Music<\/a>, <a href=\"https:\/\/feuervogel.hearnow.com\/\">HearNow <\/a>und <a href=\"https:\/\/www.deezer.com\/de\/album\/848138092\">Deezer<\/a><br>Bestellung einer CD bitte \u00fcber den <a href=\"https:\/\/ninaclarissafrenzel.de\/index.php\/aktuelles\/\" data-type=\"page\" data-id=\"90\">Kontakt<\/a> Nina Clarissa Frenzel<br><br><br><\/p>\n\n\n\n<div class=\"wp-block-uagb-container uagb-block-3c119025 alignfull uagb-is-root-container\"><div class=\"uagb-container-inner-blocks-wrap\">\n<div class=\"wp-block-uagb-container uagb-block-2a0cbeb2\">\n<figure class=\"wp-block-image size-full\"><img loading=\"lazy\" decoding=\"async\" width=\"592\" height=\"592\" src=\"https:\/\/ninaclarissafrenzel.de\/wp-content\/uploads\/2025\/11\/qrcode-amazon.png\" alt=\"\" class=\"wp-image-1708\" srcset=\"https:\/\/ninaclarissafrenzel.de\/wp-content\/uploads\/2025\/11\/qrcode-amazon.png 592w, https:\/\/ninaclarissafrenzel.de\/wp-content\/uploads\/2025\/11\/qrcode-amazon-300x300.png 300w, https:\/\/ninaclarissafrenzel.de\/wp-content\/uploads\/2025\/11\/qrcode-amazon-150x150.png 150w, https:\/\/ninaclarissafrenzel.de\/wp-content\/uploads\/2025\/11\/qrcode-amazon-75x75.png 75w\" sizes=\"auto, (max-width: 592px) 100vw, 592px\" \/><figcaption class=\"wp-element-caption\">Amazon Music<\/figcaption><\/figure>\n<\/div>\n\n\n\n<div class=\"wp-block-uagb-container uagb-block-75e8899c\">\n<figure class=\"wp-block-image size-full\"><img loading=\"lazy\" decoding=\"async\" width=\"400\" height=\"400\" src=\"https:\/\/ninaclarissafrenzel.de\/wp-content\/uploads\/2025\/11\/qrcode-hearnow.jpeg\" alt=\"\" class=\"wp-image-1709\" srcset=\"https:\/\/ninaclarissafrenzel.de\/wp-content\/uploads\/2025\/11\/qrcode-hearnow.jpeg 400w, https:\/\/ninaclarissafrenzel.de\/wp-content\/uploads\/2025\/11\/qrcode-hearnow-300x300.jpeg 300w, https:\/\/ninaclarissafrenzel.de\/wp-content\/uploads\/2025\/11\/qrcode-hearnow-150x150.jpeg 150w, https:\/\/ninaclarissafrenzel.de\/wp-content\/uploads\/2025\/11\/qrcode-hearnow-75x75.jpeg 75w\" sizes=\"auto, (max-width: 400px) 100vw, 400px\" \/><figcaption class=\"wp-element-caption\">HearNow.com<\/figcaption><\/figure>\n<\/div>\n\n\n\n<div class=\"wp-block-uagb-container uagb-block-5b20272f\">\n<figure class=\"wp-block-image size-full\"><img loading=\"lazy\" decoding=\"async\" width=\"592\" height=\"592\" src=\"https:\/\/ninaclarissafrenzel.de\/wp-content\/uploads\/2025\/11\/qrcode-spotify.png\" alt=\"\" class=\"wp-image-1710\" srcset=\"https:\/\/ninaclarissafrenzel.de\/wp-content\/uploads\/2025\/11\/qrcode-spotify.png 592w, https:\/\/ninaclarissafrenzel.de\/wp-content\/uploads\/2025\/11\/qrcode-spotify-300x300.png 300w, https:\/\/ninaclarissafrenzel.de\/wp-content\/uploads\/2025\/11\/qrcode-spotify-150x150.png 150w, https:\/\/ninaclarissafrenzel.de\/wp-content\/uploads\/2025\/11\/qrcode-spotify-75x75.png 75w\" sizes=\"auto, (max-width: 592px) 100vw, 592px\" \/><figcaption class=\"wp-element-caption\">Spotify<\/figcaption><\/figure>\n<\/div>\n<\/div><\/div>\n\n\n\n<p class=\"has-text-align-center has-medium-font-size\"><br><strong>Sehnsuche &#8211; Notenheft<\/strong><br>Exklusiv zur CD gibt es ein Sehnsuche &#8211; Notenheft <br>mit allen Noten f\u00fcr Violoncello, Klavier und Gesang der zu h\u00f6renden Kompostionen <br><br>Bestellung bitte direkt \u00fcber den <a href=\"https:\/\/ninaclarissafrenzel.de\/index.php\/kontakt\/\" data-type=\"page\" data-id=\"23\">Kontakt<\/a> Nina Clarissa Frenzel<br>oder per Mail an editionfeuervogel@posteo.de<\/p>\n\n\n\n<p><\/p>\n","protected":false},"excerpt":{"rendered":"<p>Ein freier Verlag f\u00fcr Gedanken, Musik und Malerei \u00fcber den Weg durch Zeit und Ewigkeit S\u00e4mtliche Bestellungen bitte direkt \u00fcber den Kontakt Nina Clarissa Frenzeloder per Mail an editionfeuervogel@posteo.de Brosch\u00fcren Brosch\u00fcre No. 1 Feuervogel &#8211; Aufbruch zum WesenGedanken und Gedichte \u00fcber den Weg durch die Zeit vom 08. April bis zum 21. Juni 2025 Brosch\u00fcre, Sonderausgabe Feuervogel &#8211; Aufbruch zum WesenSonderausgabe, Alchimische Spiegelbilder &#8211; Eine sinfonische Dichtung Brosch\u00fcre No. 2 Feuervogel &#8211; Aufbruch zum WesenGedanken und Gedichte \u00fcber den Weg durch die Zeit Musik CD &#8222;Sehnsuche&#8220;Kompositionen f\u00fcr Violoncello, Gesang und Klavierin Zusammenarbeit mit Christian Albrecht Zu h\u00f6ren auf s\u00e4mtlichen Plattformen:Spotify, Amazon Music, HearNow und DeezerBestellung einer CD bitte \u00fcber den Kontakt Nina Clarissa Frenzel Sehnsuche &#8211; NotenheftExklusiv zur CD gibt es ein Sehnsuche &#8211; Notenheft mit allen Noten f\u00fcr Violoncello, Klavier und Gesang der zu h\u00f6renden Kompostionen Bestellung bitte direkt \u00fcber den Kontakt Nina Clarissa Frenzeloder per Mail an editionfeuervogel@posteo.de<\/p>\n","protected":false},"author":1,"featured_media":0,"parent":0,"menu_order":0,"comment_status":"closed","ping_status":"closed","template":"","meta":{"_uag_custom_page_level_css":"","footnotes":""},"class_list":["post-1704","page","type-page","status-publish","hentry"],"uagb_featured_image_src":{"full":false,"thumbnail":false,"medium":false,"medium_large":false,"large":false,"1536x1536":false,"2048x2048":false,"bard-slider-full-thumbnail":false,"bard-full-thumbnail":false,"bard-grid-thumbnail":false,"bard-list-thumbnail":false,"bard-single-navigation":false},"uagb_author_info":{"display_name":"admin","author_link":"https:\/\/ninaclarissafrenzel.de\/index.php\/author\/ninaclarissafrenzel\/"},"uagb_comment_info":0,"uagb_excerpt":"Ein freier Verlag f\u00fcr Gedanken, Musik und Malerei \u00fcber den Weg durch Zeit und Ewigkeit S\u00e4mtliche Bestellungen bitte direkt \u00fcber den Kontakt Nina Clarissa Frenzeloder per Mail an editionfeuervogel@posteo.de Brosch\u00fcren Brosch\u00fcre No. 1 Feuervogel &#8211; Aufbruch zum WesenGedanken und Gedichte \u00fcber den Weg durch die Zeit vom 08. April bis zum 21. Juni 2025 Brosch\u00fcre,&hellip;","_links":{"self":[{"href":"https:\/\/ninaclarissafrenzel.de\/index.php\/wp-json\/wp\/v2\/pages\/1704","targetHints":{"allow":["GET"]}}],"collection":[{"href":"https:\/\/ninaclarissafrenzel.de\/index.php\/wp-json\/wp\/v2\/pages"}],"about":[{"href":"https:\/\/ninaclarissafrenzel.de\/index.php\/wp-json\/wp\/v2\/types\/page"}],"author":[{"embeddable":true,"href":"https:\/\/ninaclarissafrenzel.de\/index.php\/wp-json\/wp\/v2\/users\/1"}],"replies":[{"embeddable":true,"href":"https:\/\/ninaclarissafrenzel.de\/index.php\/wp-json\/wp\/v2\/comments?post=1704"}],"version-history":[{"count":23,"href":"https:\/\/ninaclarissafrenzel.de\/index.php\/wp-json\/wp\/v2\/pages\/1704\/revisions"}],"predecessor-version":[{"id":1895,"href":"https:\/\/ninaclarissafrenzel.de\/index.php\/wp-json\/wp\/v2\/pages\/1704\/revisions\/1895"}],"wp:attachment":[{"href":"https:\/\/ninaclarissafrenzel.de\/index.php\/wp-json\/wp\/v2\/media?parent=1704"}],"curies":[{"name":"wp","href":"https:\/\/api.w.org\/{rel}","templated":true}]}}